{"id":4214,"date":"2023-05-22T12:31:58","date_gmt":"2023-05-22T10:31:58","guid":{"rendered":"https:\/\/www.zatecsa.com\/?page_id=4214"},"modified":"2023-06-30T08:25:54","modified_gmt":"2023-06-30T06:25:54","slug":"home","status":"publish","type":"page","link":"https:\/\/www.zatecsa.com\/en\/","title":{"rendered":"Home"},"content":{"rendered":"\t\t<div data-elementor-type=\"wp-page\" data-elementor-id=\"4214\" class=\"elementor elementor-4214\" data-elementor-post-type=\"page\">\n\t\t\t\t\t\t<section class=\"elementor-section elementor-top-section elementor-element elementor-element-63c4fb0 elementor-section-content-middle elementor-section-full_width elementor-section-height-full elementor-section-items-stretch elementor-hidden-tablet elementor-hidden-mobile elementor-section-height-default\" data-id=\"63c4fb0\" data-element_type=\"section\" data-e-type=\"section\">\n\t\t\t\t\t\t<div class=\"elementor-container elementor-column-gap-default\">\n\t\t\t\t\t<div class=\"elementor-column elementor-col-33 elementor-top-column elementor-element elementor-element-8a88e2f\" data-id=\"8a88e2f\" data-element_type=\"column\" data-e-type=\"column\" data-settings=\"{&quot;background_background&quot;:&quot;classic&quot;}\">\n\t\t\t<div class=\"elementor-widget-wrap elementor-element-populated\">\n\t\t\t\t\t\t<div class=\"elementor-element elementor-element-474c655 caja-enlace elementor-widget elementor-widget-text-editor\" data-id=\"474c655\" data-element_type=\"widget\" data-e-type=\"widget\" data-widget_type=\"text-editor.default\">\n\t\t\t\t<div class=\"elementor-widget-container\">\n\t\t\t\t\t\t\t\t\t<h1 style=\"text-align: center;\"><a href=\"https:\/\/www.zatecsa.com\/en\/electronic-technical-plastic-injection\/\">ELECTRONIC<\/a><\/h1>\n<p style=\"text-align: center;\"><a href=\"https:\/\/www.zatecsa.com\/en\/electronic-technical-plastic-injection\/\">Boxes, housings, enclosures with different plastics for batteries, PCB Brackets and other electronic\/electrical components, pad printing included.<\/a><\/p>\n\t\t\t\t\t\t\t\t<\/div>\n\t\t\t\t<\/div>\n\t\t\t\t\t<\/div>\n\t\t<\/div>\n\t\t\t\t<div class=\"elementor-column elementor-col-33 elementor-top-column elementor-element elementor-element-8592809\" data-id=\"8592809\" data-element_type=\"column\" data-e-type=\"column\" data-settings=\"{&quot;background_background&quot;:&quot;classic&quot;}\">\n\t\t\t<div class=\"elementor-widget-wrap elementor-element-populated\">\n\t\t\t\t\t\t<div class=\"elementor-element elementor-element-2dc95dd caja-enlace elementor-widget elementor-widget-text-editor\" data-id=\"2dc95dd\" data-element_type=\"widget\" data-e-type=\"widget\" data-widget_type=\"text-editor.default\">\n\t\t\t\t<div class=\"elementor-widget-container\">\n\t\t\t\t\t\t\t\t\t<h1 style=\"text-align: center;\"><a href=\"https:\/\/www.zatecsa.com\/en\/automotive-technical-plastic-injection\/\">AUTOMOTIVE<\/a><\/h1><p style=\"text-align: center;\"><a href=\"https:\/\/www.zatecsa.com\/en\/automotive-technical-plastic-injection\/\">Several components in engineering plastics to Drivetrain, Powertrain, Antivbration, System transfer fluids, roofs, interiors\u2026<\/a><\/p>\t\t\t\t\t\t\t\t<\/div>\n\t\t\t\t<\/div>\n\t\t\t\t\t<\/div>\n\t\t<\/div>\n\t\t\t\t<div class=\"elementor-column elementor-col-33 elementor-top-column elementor-element elementor-element-53e0698\" data-id=\"53e0698\" data-element_type=\"column\" data-e-type=\"column\" data-settings=\"{&quot;background_background&quot;:&quot;classic&quot;}\">\n\t\t\t<div class=\"elementor-widget-wrap elementor-element-populated\">\n\t\t\t\t\t\t<div class=\"elementor-element elementor-element-4459a05 caja-enlace elementor-widget elementor-widget-text-editor\" data-id=\"4459a05\" data-element_type=\"widget\" data-e-type=\"widget\" data-widget_type=\"text-editor.default\">\n\t\t\t\t<div class=\"elementor-widget-container\">\n\t\t\t\t\t\t\t\t\t<h1 style=\"text-align: center;\"><a href=\"https:\/\/www.zatecsa.com\/en\/industry-technical-plastic-injection\/\">INDUSTRY<\/a><\/h1>\n<p style=\"text-align: center;\"><a href=\"https:\/\/www.zatecsa.com\/en\/industry-technical-plastic-injection\/\">Technical parts in sectors such as ventilation, ovens, baths and sanitaries, military, industrial machinery, building\u2026 applications of metal replacement.<\/a><\/p>\n\t\t\t\t\t\t\t\t<\/div>\n\t\t\t\t<\/div>\n\t\t\t\t\t<\/div>\n\t\t<\/div>\n\t\t\t\t\t<\/div>\n\t\t<\/section>\n\t\t\t\t<section class=\"elementor-section elementor-top-section elementor-element elementor-element-c422cb8 elementor-section-content-middle elementor-section-full_width elementor-hidden-desktop elementor-hidden-mobile elementor-section-height-default elementor-section-height-default\" data-id=\"c422cb8\" data-element_type=\"section\" data-e-type=\"section\">\n\t\t\t\t\t\t<div class=\"elementor-container elementor-column-gap-default\">\n\t\t\t\t\t<div class=\"elementor-column elementor-col-33 elementor-top-column elementor-element elementor-element-11d4043\" data-id=\"11d4043\" data-element_type=\"column\" data-e-type=\"column\" data-settings=\"{&quot;background_background&quot;:&quot;classic&quot;}\">\n\t\t\t<div class=\"elementor-widget-wrap elementor-element-populated\">\n\t\t\t\t\t\t<div class=\"elementor-element elementor-element-04647da caja-enlace elementor-widget elementor-widget-text-editor\" data-id=\"04647da\" data-element_type=\"widget\" data-e-type=\"widget\" data-widget_type=\"text-editor.default\">\n\t\t\t\t<div class=\"elementor-widget-container\">\n\t\t\t\t\t\t\t\t\t<h1 style=\"text-align: center;\"><a href=\"https:\/\/www.zatecsa.com\/en\/electronic-technical-plastic-injection\/\">ELECTRONIC<\/a><\/h1>\n<p style=\"text-align: center;\"><a href=\"https:\/\/www.zatecsa.com\/en\/electronic-technical-plastic-injection\/\">Boxes, housings, enclosures with different plastics for batteries, PCB Brackets and other electronic\/electrical components, pad printing included.<\/a><\/p>\n\t\t\t\t\t\t\t\t<\/div>\n\t\t\t\t<\/div>\n\t\t\t\t\t<\/div>\n\t\t<\/div>\n\t\t\t\t<div class=\"elementor-column elementor-col-33 elementor-top-column elementor-element elementor-element-af330b7\" data-id=\"af330b7\" data-element_type=\"column\" data-e-type=\"column\" data-settings=\"{&quot;background_background&quot;:&quot;classic&quot;}\">\n\t\t\t<div class=\"elementor-widget-wrap elementor-element-populated\">\n\t\t\t\t\t\t<div class=\"elementor-element elementor-element-11e8777 caja-enlace elementor-widget elementor-widget-text-editor\" data-id=\"11e8777\" data-element_type=\"widget\" data-e-type=\"widget\" data-widget_type=\"text-editor.default\">\n\t\t\t\t<div class=\"elementor-widget-container\">\n\t\t\t\t\t\t\t\t\t<h1 style=\"text-align: center;\"><a href=\"https:\/\/www.zatecsa.com\/en\/automotive-technical-plastic-injection-2\/\">AUTOMOTIVE<\/a><\/h1>\n<p style=\"text-align: center;\"><a href=\"https:\/\/www.zatecsa.com\/en\/automotive-technical-plastic-injection-2\/\">Several components in engineering plastics to Drivetrain, Powertrain, Antivbration, System transfer fluids, roofs, interiors\u2026<\/a><\/p>\n\t\t\t\t\t\t\t\t<\/div>\n\t\t\t\t<\/div>\n\t\t\t\t\t<\/div>\n\t\t<\/div>\n\t\t\t\t<div class=\"elementor-column elementor-col-33 elementor-top-column elementor-element elementor-element-44621bf\" data-id=\"44621bf\" data-element_type=\"column\" data-e-type=\"column\" data-settings=\"{&quot;background_background&quot;:&quot;classic&quot;}\">\n\t\t\t<div class=\"elementor-widget-wrap elementor-element-populated\">\n\t\t\t\t\t\t<div class=\"elementor-element elementor-element-19d8fc9 caja-enlace elementor-widget elementor-widget-text-editor\" data-id=\"19d8fc9\" data-element_type=\"widget\" data-e-type=\"widget\" data-widget_type=\"text-editor.default\">\n\t\t\t\t<div class=\"elementor-widget-container\">\n\t\t\t\t\t\t\t\t\t<h1 style=\"text-align: center;\"><a href=\"https:\/\/www.zatecsa.com\/en\/industry-technical-plastic-injection\/\">INDUSTRY<\/a><\/h1>\n<p style=\"text-align: center;\"><a href=\"https:\/\/www.zatecsa.com\/en\/industry-technical-plastic-injection\/\">Technical parts in sectors such as ventilation, ovens, baths and sanitaries, military, industrial machinery, building\u2026 applications of metal replacement.<\/a><\/p>\n\t\t\t\t\t\t\t\t<\/div>\n\t\t\t\t<\/div>\n\t\t\t\t\t<\/div>\n\t\t<\/div>\n\t\t\t\t\t<\/div>\n\t\t<\/section>\n\t\t\t\t<section class=\"elementor-section elementor-top-section elementor-element elementor-element-46a68f4 elementor-section-content-middle elementor-section-full_width elementor-hidden-desktop elementor-hidden-tablet elementor-section-height-default elementor-section-height-default\" data-id=\"46a68f4\" data-element_type=\"section\" data-e-type=\"section\">\n\t\t\t\t\t\t<div class=\"elementor-container elementor-column-gap-default\">\n\t\t\t\t\t<div class=\"elementor-column elementor-col-33 elementor-top-column elementor-element elementor-element-56679d6\" data-id=\"56679d6\" data-element_type=\"column\" data-e-type=\"column\" data-settings=\"{&quot;background_background&quot;:&quot;classic&quot;}\">\n\t\t\t<div class=\"elementor-widget-wrap elementor-element-populated\">\n\t\t\t\t\t\t<div class=\"elementor-element elementor-element-4000d6a caja-enlace elementor-widget elementor-widget-text-editor\" data-id=\"4000d6a\" data-element_type=\"widget\" data-e-type=\"widget\" data-widget_type=\"text-editor.default\">\n\t\t\t\t<div class=\"elementor-widget-container\">\n\t\t\t\t\t\t\t\t\t<h1 style=\"text-align: center;\"><a href=\"https:\/\/www.zatecsa.com\/en\/electronic-technical-plastic-injection\/\">ELECTRONIC<\/a><\/h1>\n<p style=\"text-align: center;\"><a href=\"https:\/\/www.zatecsa.com\/en\/electronic-technical-plastic-injection\/\">Boxes, housings, enclosures with different plastics for batteries, PCB Brackets and other electronic\/electrical components, pad printing included.<\/a><\/p>\n\t\t\t\t\t\t\t\t<\/div>\n\t\t\t\t<\/div>\n\t\t\t\t\t<\/div>\n\t\t<\/div>\n\t\t\t\t<div class=\"elementor-column elementor-col-33 elementor-top-column elementor-element elementor-element-de81099\" data-id=\"de81099\" data-element_type=\"column\" data-e-type=\"column\" data-settings=\"{&quot;background_background&quot;:&quot;classic&quot;}\">\n\t\t\t<div class=\"elementor-widget-wrap elementor-element-populated\">\n\t\t\t\t\t\t<div class=\"elementor-element elementor-element-0235e53 caja-enlace elementor-widget elementor-widget-text-editor\" data-id=\"0235e53\" data-element_type=\"widget\" data-e-type=\"widget\" data-widget_type=\"text-editor.default\">\n\t\t\t\t<div class=\"elementor-widget-container\">\n\t\t\t\t\t\t\t\t\t<h1 style=\"text-align: center;\"><a href=\"https:\/\/www.zatecsa.com\/en\/automotive-technical-plastic-injection-2\/\">AUTOMOTIVE<\/a><\/h1>\n<p style=\"text-align: center;\"><a href=\"https:\/\/www.zatecsa.com\/en\/automotive-technical-plastic-injection-2\/\">Several components in engineering plastics to Drivetrain, Powertrain, Antivbration, System transfer fluids, roofs, interiors\u2026<\/a><\/p>\n\t\t\t\t\t\t\t\t<\/div>\n\t\t\t\t<\/div>\n\t\t\t\t\t<\/div>\n\t\t<\/div>\n\t\t\t\t<div class=\"elementor-column elementor-col-33 elementor-top-column elementor-element elementor-element-b8c03ec\" data-id=\"b8c03ec\" data-element_type=\"column\" data-e-type=\"column\" data-settings=\"{&quot;background_background&quot;:&quot;classic&quot;}\">\n\t\t\t<div class=\"elementor-widget-wrap elementor-element-populated\">\n\t\t\t\t\t\t<div class=\"elementor-element elementor-element-08fce16 caja-enlace elementor-widget elementor-widget-text-editor\" data-id=\"08fce16\" data-element_type=\"widget\" data-e-type=\"widget\" data-widget_type=\"text-editor.default\">\n\t\t\t\t<div class=\"elementor-widget-container\">\n\t\t\t\t\t\t\t\t\t<h1 style=\"text-align: center;\"><a href=\"https:\/\/www.zatecsa.com\/en\/industry-technical-plastic-injection\/\">INDUSTRY<\/a><\/h1>\n<p style=\"text-align: center;\"><a href=\"https:\/\/www.zatecsa.com\/en\/industry-technical-plastic-injection\/\">Technical parts in sectors such as ventilation, ovens, baths and sanitaries, military, industrial machinery, building\u2026 applications of metal replacement.<\/a><\/p>\n\t\t\t\t\t\t\t\t<\/div>\n\t\t\t\t<\/div>\n\t\t\t\t\t<\/div>\n\t\t<\/div>\n\t\t\t\t\t<\/div>\n\t\t<\/section>\n\t\t\t\t<\/div>\n\t\t","protected":false},"excerpt":{"rendered":"<p>ELECTRONIC Boxes, housings, enclosures with different plastics for batteries, PCB Brackets and other electronic\/electrical components, pad printing included. AUTOMOTIVE Several components in engineering plastics to Drivetrain, Powertrain, Antivbration, System transfer fluids, roofs, interiors\u2026 INDUSTRY Technical parts in sectors such as ventilation, ovens, baths and sanitaries, military, industrial machinery, building\u2026 applications of metal replacement. ELECTRONIC Boxes, [&hellip;]<\/p>\n","protected":false},"author":2,"featured_media":0,"parent":0,"menu_order":0,"comment_status":"closed","ping_status":"closed","template":"elementor_header_footer","meta":{"_monsterinsights_skip_tracking":false,"_monsterinsights_sitenote_active":false,"_monsterinsights_sitenote_note":"","_monsterinsights_sitenote_category":0,"footnotes":""},"class_list":["post-4214","page","type-page","status-publish","hentry"],"yoast_head":"<!-- This site is optimized with the Yoast SEO plugin v27.4 - https:\/\/yoast.com\/product\/yoast-seo-wordpress\/ -->\n<title>Home - ZATEC | Technical engineering plastic injection molding company<\/title>\n<meta name=\"description\" content=\"Empresa de inyecci\u00f3n de piezas t\u00e9cnicas en pl\u00e1sticos de ingenier\u00eda, ubicada en Zaragoza, trabajando para sectores como Automoci\u00f3n o Electr\u00f3nica.\" \/>\n<meta name=\"robots\" content=\"index, follow, max-snippet:-1, max-image-preview:large, max-video-preview:-1\" \/>\n<link rel=\"canonical\" href=\"https:\/\/www.zatecsa.com\/en\/\" \/>\n<meta name=\"twitter:label1\" content=\"Est. reading time\" \/>\n\t<meta name=\"twitter:data1\" content=\"1 minute\" \/>\n<script type=\"application\/ld+json\" class=\"yoast-schema-graph\">{\"@context\":\"https:\\\/\\\/schema.org\",\"@graph\":[{\"@type\":\"WebPage\",\"@id\":\"https:\\\/\\\/www.zatecsa.com\\\/en\\\/\",\"url\":\"https:\\\/\\\/www.zatecsa.com\\\/en\\\/\",\"name\":\"Home - ZATEC | Technical engineering plastic injection molding company\",\"isPartOf\":{\"@id\":\"https:\\\/\\\/www.zatecsa.com\\\/#website\"},\"datePublished\":\"2023-05-22T10:31:58+00:00\",\"dateModified\":\"2023-06-30T06:25:54+00:00\",\"description\":\"Empresa de inyecci\u00f3n de piezas t\u00e9cnicas en pl\u00e1sticos de ingenier\u00eda, ubicada en Zaragoza, trabajando para sectores como Automoci\u00f3n o Electr\u00f3nica.\",\"breadcrumb\":{\"@id\":\"https:\\\/\\\/www.zatecsa.com\\\/en\\\/#breadcrumb\"},\"inLanguage\":\"en-US\",\"potentialAction\":[{\"@type\":\"ReadAction\",\"target\":[\"https:\\\/\\\/www.zatecsa.com\\\/en\\\/\"]}]},{\"@type\":\"BreadcrumbList\",\"@id\":\"https:\\\/\\\/www.zatecsa.com\\\/en\\\/#breadcrumb\",\"itemListElement\":[{\"@type\":\"ListItem\",\"position\":1,\"name\":\"Portada\",\"item\":\"https:\\\/\\\/www.zatecsa.com\\\/en\\\/\"},{\"@type\":\"ListItem\",\"position\":2,\"name\":\"Home\"}]},{\"@type\":\"WebSite\",\"@id\":\"https:\\\/\\\/www.zatecsa.com\\\/#website\",\"url\":\"https:\\\/\\\/www.zatecsa.com\\\/\",\"name\":\"ZATEC | Technical engineering plastic injection molding company\",\"description\":\"Zatec is your European partner, offering a comprehensive service of small Technical parts by high precision injection Molding.\",\"potentialAction\":[{\"@type\":\"SearchAction\",\"target\":{\"@type\":\"EntryPoint\",\"urlTemplate\":\"https:\\\/\\\/www.zatecsa.com\\\/?s={search_term_string}\"},\"query-input\":{\"@type\":\"PropertyValueSpecification\",\"valueRequired\":true,\"valueName\":\"search_term_string\"}}],\"inLanguage\":\"en-US\"}]}<\/script>\n<!-- \/ Yoast SEO plugin. -->","yoast_head_json":{"title":"Home - ZATEC | Technical engineering plastic injection molding company","description":"Empresa de inyecci\u00f3n de piezas t\u00e9cnicas en pl\u00e1sticos de ingenier\u00eda, ubicada en Zaragoza, trabajando para sectores como Automoci\u00f3n o Electr\u00f3nica.","robots":{"index":"index","follow":"follow","max-snippet":"max-snippet:-1","max-image-preview":"max-image-preview:large","max-video-preview":"max-video-preview:-1"},"canonical":"https:\/\/www.zatecsa.com\/en\/","twitter_misc":{"Est. reading time":"1 minute"},"schema":{"@context":"https:\/\/schema.org","@graph":[{"@type":"WebPage","@id":"https:\/\/www.zatecsa.com\/en\/","url":"https:\/\/www.zatecsa.com\/en\/","name":"Home - ZATEC | Technical engineering plastic injection molding company","isPartOf":{"@id":"https:\/\/www.zatecsa.com\/#website"},"datePublished":"2023-05-22T10:31:58+00:00","dateModified":"2023-06-30T06:25:54+00:00","description":"Empresa de inyecci\u00f3n de piezas t\u00e9cnicas en pl\u00e1sticos de ingenier\u00eda, ubicada en Zaragoza, trabajando para sectores como Automoci\u00f3n o Electr\u00f3nica.","breadcrumb":{"@id":"https:\/\/www.zatecsa.com\/en\/#breadcrumb"},"inLanguage":"en-US","potentialAction":[{"@type":"ReadAction","target":["https:\/\/www.zatecsa.com\/en\/"]}]},{"@type":"BreadcrumbList","@id":"https:\/\/www.zatecsa.com\/en\/#breadcrumb","itemListElement":[{"@type":"ListItem","position":1,"name":"Portada","item":"https:\/\/www.zatecsa.com\/en\/"},{"@type":"ListItem","position":2,"name":"Home"}]},{"@type":"WebSite","@id":"https:\/\/www.zatecsa.com\/#website","url":"https:\/\/www.zatecsa.com\/","name":"ZATEC | Technical engineering plastic injection molding company","description":"Zatec is your European partner, offering a comprehensive service of small Technical parts by high precision injection Molding.","potentialAction":[{"@type":"SearchAction","target":{"@type":"EntryPoint","urlTemplate":"https:\/\/www.zatecsa.com\/?s={search_term_string}"},"query-input":{"@type":"PropertyValueSpecification","valueRequired":true,"valueName":"search_term_string"}}],"inLanguage":"en-US"}]}},"_links":{"self":[{"href":"https:\/\/www.zatecsa.com\/en\/wp-json\/wp\/v2\/pages\/4214","targetHints":{"allow":["GET"]}}],"collection":[{"href":"https:\/\/www.zatecsa.com\/en\/wp-json\/wp\/v2\/pages"}],"about":[{"href":"https:\/\/www.zatecsa.com\/en\/wp-json\/wp\/v2\/types\/page"}],"author":[{"embeddable":true,"href":"https:\/\/www.zatecsa.com\/en\/wp-json\/wp\/v2\/users\/2"}],"replies":[{"embeddable":true,"href":"https:\/\/www.zatecsa.com\/en\/wp-json\/wp\/v2\/comments?post=4214"}],"version-history":[{"count":32,"href":"https:\/\/www.zatecsa.com\/en\/wp-json\/wp\/v2\/pages\/4214\/revisions"}],"predecessor-version":[{"id":5100,"href":"https:\/\/www.zatecsa.com\/en\/wp-json\/wp\/v2\/pages\/4214\/revisions\/5100"}],"wp:attachment":[{"href":"https:\/\/www.zatecsa.com\/en\/wp-json\/wp\/v2\/media?parent=4214"}],"curies":[{"name":"wp","href":"https:\/\/api.w.org\/{rel}","templated":true}]}}