{"id":4451,"date":"2023-05-16T08:39:45","date_gmt":"2023-05-16T06:39:45","guid":{"rendered":"https:\/\/www.zatecsa.com\/?page_id=4451"},"modified":"2023-05-24T09:52:36","modified_gmt":"2023-05-24T07:52:36","slug":"privacy-policy","status":"publish","type":"page","link":"https:\/\/www.zatecsa.com\/en\/privacy-policy\/","title":{"rendered":"Privacy policy"},"content":{"rendered":"\t\t<div data-elementor-type=\"wp-page\" data-elementor-id=\"4451\" class=\"elementor elementor-4451\" data-elementor-post-type=\"page\">\n\t\t\t\t\t\t<section class=\"elementor-section elementor-top-section elementor-element elementor-element-08e8edc elementor-section-boxed elementor-section-height-default elementor-section-height-default\" data-id=\"08e8edc\" data-element_type=\"section\" data-e-type=\"section\">\n\t\t\t\t\t\t<div class=\"elementor-container elementor-column-gap-default\">\n\t\t\t\t\t<div class=\"elementor-column elementor-col-100 elementor-top-column elementor-element elementor-element-751de7b\" data-id=\"751de7b\" data-element_type=\"column\" data-e-type=\"column\">\n\t\t\t<div class=\"elementor-widget-wrap elementor-element-populated\">\n\t\t\t\t\t\t<div class=\"elementor-element elementor-element-693eff1 elementor-widget elementor-widget-heading\" data-id=\"693eff1\" data-element_type=\"widget\" data-e-type=\"widget\" data-widget_type=\"heading.default\">\n\t\t\t\t<div class=\"elementor-widget-container\">\n\t\t\t\t\t<h2 class=\"elementor-heading-title elementor-size-default\">Privacy policy<\/h2>\t\t\t\t<\/div>\n\t\t\t\t<\/div>\n\t\t\t\t\t<\/div>\n\t\t<\/div>\n\t\t\t\t\t<\/div>\n\t\t<\/section>\n\t\t\t\t<section class=\"elementor-section elementor-top-section elementor-element elementor-element-073b15e elementor-section-content-middle elementor-section-boxed elementor-section-height-default elementor-section-height-default\" data-id=\"073b15e\" data-element_type=\"section\" data-e-type=\"section\">\n\t\t\t\t\t\t<div class=\"elementor-container elementor-column-gap-default\">\n\t\t\t\t\t<div class=\"elementor-column elementor-col-100 elementor-top-column elementor-element elementor-element-a77ae34\" data-id=\"a77ae34\" data-element_type=\"column\" data-e-type=\"column\">\n\t\t\t<div class=\"elementor-widget-wrap elementor-element-populated\">\n\t\t\t\t\t\t<div class=\"elementor-element elementor-element-a8e5e69 elementor-widget elementor-widget-text-editor\" data-id=\"a8e5e69\" data-element_type=\"widget\" data-e-type=\"widget\" data-widget_type=\"text-editor.default\">\n\t\t\t\t<div class=\"elementor-widget-container\">\n\t\t\t\t\t\t\t\t\t<p><strong><u>TRATAMIENTO DE LOS DATOS PERSONALES<\/u><\/strong><\/p>\n<p>Los datos personales recogidos en nuestra p\u00e1gina web son tratados cumpliendo con las exigencias del Reglamento (UE) 2016\/679 del Parlamento Europeo y del Consejo, de 27 de abril de 2016, relativo a la protecci\u00f3n de las personas f\u00edsicas en lo que respecta al tratamiento de datos personales y a la libre circulaci\u00f3n de estos datos, as\u00ed como con la Ley Org\u00e1nica 3\/2018, de 5 de diciembre, de Protecci\u00f3n de Datos Personales y garant\u00eda de los derechos digitales.<\/p>\n<p>As\u00ed mismo, garantizamos que los datos personales son tratados de manera l\u00edcita, leal y transparente, y son recogidos con fines determinados, expl\u00edcitos y leg\u00edtimos, manteni\u00e9ndose limitados a dichos fines y actualizados si fuera necesario. No se permitir\u00e1 la identificaci\u00f3n de los interesados durante m\u00e1s tiempo del necesario y se garantizar\u00e1 su seguridad mediante las medidas t\u00e9cnicas y organizativas adecuadas.<\/p>\n<p><strong><u>\u00bfQui\u00e9n es responsable de sus datos personales?<\/u><\/strong><\/p>\n<p>Raz\u00f3n Social: ZATEC, S.A.<\/p>\n<p>Direcci\u00f3n: Pol\u00edgono Industrial las Norias, Avda. Valencia, parcela n\u00ba20, 50450 Muel, Zaragoza (Espa\u00f1a)<\/p>\n<p>C.I.F.: A50454503<\/p>\n<p>Tel\u00e9fono: 976 14 52 50<\/p>\n<p>E-mail: <a href=\"mailto:plastics@zatecsa.com\">plastics@zatecsa.com<\/a><\/p>\n<p><strong><u>\u00bfPara qu\u00e9 tratamos sus datos y qu\u00e9 nos permite hacerlo? \u00bfPor qu\u00e9 podemos tratar sus datos?<\/u><\/strong><\/p>\n<p>Los datos personales ser\u00e1n tratados por la entidad responsable cuando usted los proporcione completando los formularios de registro o de contacto, enviando correos electr\u00f3nicos o llamando por tel\u00e9fono.<\/p>\n<p>Los datos van a ser tratados con la finalidad de comunicarnos con los interesados por cualquier medio y responder a consultas y solicitudes de informaci\u00f3n.<\/p>\n<ul>\n<li>Responder a consultas y solicitudes de informaci\u00f3n. Cuando el interesado nos hace llegar una consulta o solicitud de informaci\u00f3n tratamos sus datos con su consentimiento para darle respuesta sobre la consulta o solicitud.<\/li>\n<li>Comunicarnos comercialmente con los interesados por cualquier medio:<\/li>\n<li>Cuando el usuario nos lo autoriza en el formulario de contacto, podemos comunicarnos comercialmente con \u00e9l por medios electr\u00f3nicos sobre nuestros servicios y actividades, tratando sus datos con su consentimiento.<\/li>\n<\/ul>\n<p>Los interesados pueden oponerse en cada una de las comunicaciones enviadas y adicionalmente mediante el mecanismo previsto en el apartado \u201c\u00bfCu\u00e1les son sus derechos?\u201d.<\/p>\n<ul>\n<li>Utilizar dispositivos de almacenamiento y recuperaci\u00f3n de datos. Cuando el interesado visita nuestra p\u00e1gina, utilizaremos con su consentimiento cookies y otras herramientas con las finalidades previstas en nuestra <u>Pol\u00edtica de Cookies<\/u> donde puede acceder a m\u00e1s informaci\u00f3n. <\/li>\n<li>Mediante la informaci\u00f3n obtenida de dispositivos de seguimiento, almacenamiento y recuperaci\u00f3n de datos con el consentimiento de los visitantes que navegan por las p\u00e1ginas web, y el an\u00e1lisis de su navegaci\u00f3n y comportamiento, se llevar\u00e1 a cabo la elaboraci\u00f3n de perfiles comerciales de clientes que permitan enviar comunicaciones comerciales electr\u00f3nicas personalizadas a aquellos usuarios que se identifiquen con un correo electr\u00f3nico. Puede obtener informaci\u00f3n complementaria en la <u>Pol\u00edtica de Cookies.<\/u> <\/li>\n<\/ul>\n<p><strong>\u00bfA qui\u00e9n proporcionamos sus datos?<\/strong><\/p>\n<p>Podemos comunicar los datos personales a terceros proveedores encargados del tratamiento, con la \u00fanica finalidad de que nos presten determinados servicios siguiendo nuestras instrucciones sin utilizar los datos para sus propias finalidades y con objeto de llevar a cabo las actividades que nos son propias, o a las administraciones p\u00fablicas competentes en cumplimiento de obligaciones legales.<\/p>\n<p><strong>\u00bfCu\u00e1nto tiempo conservamos sus datos?<\/strong><\/p>\n<p><strong> <\/strong>Por regla general los datos ser\u00e1n conservados mientras sean compatibles con la finalidad con la que fueron recogidos, en cumplimiento de obligaciones legales de conservaci\u00f3n y para hacer frente a las responsabilidades que pudieran derivarse del tratamiento, para despu\u00e9s ser suprimidos.<\/p>\n<p>Los datos recogidos con la finalidad de comunicarnos comercialmente ser\u00e1n conservados mientras perdure dicha finalidad o el usuario se oponga al tratamiento.<\/p>\n<p><strong>\u00bfCu\u00e1les son sus derechos?<\/strong><\/p>\n<p>Usted podr\u00e1:<\/p>\n<ol>\n<li>Obtener m\u00e1s informaci\u00f3n<\/li>\n<li>Retirar su consentimiento cuando lo hubiera prestado para un tratamiento determinado<\/li>\n<li>Dejar de recibir nuestras comunicaciones de car\u00e1cter comercial, enviando <em>\u201cQuiero dejar de recibir comunicaciones comerciales\u201d <\/em>al correo electr\u00f3nico del responsable.<\/li>\n<li>Ejercer sus derechos de:<\/li>\n<\/ol>\n<ul>\n<li>Acceso, o conocer que datos personales tratamos de usted;<\/li>\n<li>Rectificaci\u00f3n, o corregir datos personales incorrectos o inexactos;<\/li>\n<li>Supresi\u00f3n, o a eliminar los datos personales que tenemos de usted que no estemos obligados legalmente a conservar;<\/li>\n<li>Oposici\u00f3n, o a que dejemos de tratar sus datos personales con una finalidad concreta;<\/li>\n<li>Limitaci\u00f3n, o a restringir el tratamiento que realizamos;<\/li>\n<li>Portabilidad, o a que le proporcionemos los datos personales que obran en nuestro poder;<\/li>\n<\/ul>\n<p>Para poder ejercer cualquiera de los derechos que le otorga la normativa de protecci\u00f3n de datos, usted podr\u00e1 solicitar al responsable un formulario para el ejercicio de derechos o descargar directamente cualquiera de los formularios propuestos por la Agencia Espa\u00f1ola de Protecci\u00f3n de Datos a trav\u00e9s de este <a href=\"https:\/\/www.aepd.es\/reglamento\/derechos\/index.html\">enlace<\/a> y presentarlo cumplimentado junto con una copia del DNI o cualquier otro documento identificativo v\u00e1lido en ZATEC, S.A., Pol\u00edgono Industrial las Norias, Avda. Valencia, parcela n\u00ba20, 50450 Muel, Zaragoza (Espa\u00f1a) o a trav\u00e9s de <a href=\"mailto:plastics@zatecsa.es\">plastics@zatecsa.es<\/a><\/p>\n<p>Puede encontrar m\u00e1s informaci\u00f3n sobre sus derechos o presentar una reclamaci\u00f3n ante la autoridad de control competente en la Agencia Espa\u00f1ola de Protecci\u00f3n de Datos <a href=\"http:\/\/www.agpd.es\">http:\/\/www.agpd.es<\/a> &#8211; C\/ Jorge Juan, 6. 28001 \u2013 Madrid (901 100 099 &#8211; 912 663 517).<\/p>\n<p><strong><u>\u00bfC\u00f3mo garantizamos la seguridad de sus datos?<\/u><\/strong><\/p>\n<p>Hemos adoptado las medidas t\u00e9cnicas y organizativas apropiadas para garantizar un nivel de seguridad adecuado que evite la destrucci\u00f3n, p\u00e9rdida o alteraci\u00f3n accidental o il\u00edcita de datos personales, o la comunicaci\u00f3n o acceso no autorizados a dichos datos.<\/p>\n<p>Tambi\u00e9n hemos habilitado procedimientos para responder en los plazos legales oportunos ante cualquier brecha de seguridad que pudiera producirse sobre tus datos personales.<\/p>\n<p>Al contratar a proveedores, garantizamos que implantan las medidas de seguridad adecuadas para la protecci\u00f3n de los datos personales.<\/p>\n<p><strong><u>Cambios en la Pol\u00edtica de Privacidad<\/u><\/strong><\/p>\n<p>Hemos actualizado esta Pol\u00edtica para adaptarla a los requisitos y obligaciones del Reglamento General de Protecci\u00f3n de Datos.<\/p>\n\t\t\t\t\t\t\t\t<\/div>\n\t\t\t\t<\/div>\n\t\t\t\t\t<\/div>\n\t\t<\/div>\n\t\t\t\t\t<\/div>\n\t\t<\/section>\n\t\t\t\t<\/div>\n\t\t","protected":false},"excerpt":{"rendered":"<p>Privacy policy TRATAMIENTO DE LOS DATOS PERSONALES Los datos personales recogidos en nuestra p\u00e1gina web son tratados cumpliendo con las exigencias del Reglamento (UE) 2016\/679 del Parlamento Europeo y del Consejo, de 27 de abril de 2016, relativo a la protecci\u00f3n de las personas f\u00edsicas en lo que respecta al tratamiento de datos personales y [&hellip;]<\/p>\n","protected":false},"author":2,"featured_media":0,"parent":0,"menu_order":0,"comment_status":"closed","ping_status":"closed","template":"elementor_header_footer","meta":{"_monsterinsights_skip_tracking":false,"_monsterinsights_sitenote_active":false,"_monsterinsights_sitenote_note":"","_monsterinsights_sitenote_category":0,"footnotes":""},"class_list":["post-4451","page","type-page","status-publish","hentry"],"yoast_head":"<!-- This site is optimized with the Yoast SEO plugin v27.4 - https:\/\/yoast.com\/product\/yoast-seo-wordpress\/ -->\n<title>Privacy policy - ZATEC | Technical engineering plastic injection molding company<\/title>\n<meta name=\"robots\" content=\"index, follow, max-snippet:-1, max-image-preview:large, max-video-preview:-1\" \/>\n<link rel=\"canonical\" href=\"https:\/\/www.zatecsa.com\/en\/privacy-policy\/\" \/>\n<meta name=\"twitter:label1\" content=\"Est. reading time\" \/>\n\t<meta name=\"twitter:data1\" content=\"5 minutes\" \/>\n<script type=\"application\/ld+json\" class=\"yoast-schema-graph\">{\"@context\":\"https:\\\/\\\/schema.org\",\"@graph\":[{\"@type\":\"WebPage\",\"@id\":\"https:\\\/\\\/www.zatecsa.com\\\/en\\\/privacy-policy\\\/\",\"url\":\"https:\\\/\\\/www.zatecsa.com\\\/en\\\/privacy-policy\\\/\",\"name\":\"Privacy policy - ZATEC | Technical engineering plastic injection molding company\",\"isPartOf\":{\"@id\":\"https:\\\/\\\/www.zatecsa.com\\\/#website\"},\"datePublished\":\"2023-05-16T06:39:45+00:00\",\"dateModified\":\"2023-05-24T07:52:36+00:00\",\"breadcrumb\":{\"@id\":\"https:\\\/\\\/www.zatecsa.com\\\/en\\\/privacy-policy\\\/#breadcrumb\"},\"inLanguage\":\"en-US\",\"potentialAction\":[{\"@type\":\"ReadAction\",\"target\":[\"https:\\\/\\\/www.zatecsa.com\\\/en\\\/privacy-policy\\\/\"]}]},{\"@type\":\"BreadcrumbList\",\"@id\":\"https:\\\/\\\/www.zatecsa.com\\\/en\\\/privacy-policy\\\/#breadcrumb\",\"itemListElement\":[{\"@type\":\"ListItem\",\"position\":1,\"name\":\"Portada\",\"item\":\"https:\\\/\\\/www.zatecsa.com\\\/en\\\/\"},{\"@type\":\"ListItem\",\"position\":2,\"name\":\"Privacy policy\"}]},{\"@type\":\"WebSite\",\"@id\":\"https:\\\/\\\/www.zatecsa.com\\\/#website\",\"url\":\"https:\\\/\\\/www.zatecsa.com\\\/\",\"name\":\"ZATEC | Technical engineering plastic injection molding company\",\"description\":\"Zatec is your European partner, offering a comprehensive service of small Technical parts by high precision injection Molding.\",\"potentialAction\":[{\"@type\":\"SearchAction\",\"target\":{\"@type\":\"EntryPoint\",\"urlTemplate\":\"https:\\\/\\\/www.zatecsa.com\\\/?s={search_term_string}\"},\"query-input\":{\"@type\":\"PropertyValueSpecification\",\"valueRequired\":true,\"valueName\":\"search_term_string\"}}],\"inLanguage\":\"en-US\"}]}<\/script>\n<!-- \/ Yoast SEO plugin. -->","yoast_head_json":{"title":"Privacy policy - ZATEC | Technical engineering plastic injection molding company","robots":{"index":"index","follow":"follow","max-snippet":"max-snippet:-1","max-image-preview":"max-image-preview:large","max-video-preview":"max-video-preview:-1"},"canonical":"https:\/\/www.zatecsa.com\/en\/privacy-policy\/","twitter_misc":{"Est. reading time":"5 minutes"},"schema":{"@context":"https:\/\/schema.org","@graph":[{"@type":"WebPage","@id":"https:\/\/www.zatecsa.com\/en\/privacy-policy\/","url":"https:\/\/www.zatecsa.com\/en\/privacy-policy\/","name":"Privacy policy - ZATEC | Technical engineering plastic injection molding company","isPartOf":{"@id":"https:\/\/www.zatecsa.com\/#website"},"datePublished":"2023-05-16T06:39:45+00:00","dateModified":"2023-05-24T07:52:36+00:00","breadcrumb":{"@id":"https:\/\/www.zatecsa.com\/en\/privacy-policy\/#breadcrumb"},"inLanguage":"en-US","potentialAction":[{"@type":"ReadAction","target":["https:\/\/www.zatecsa.com\/en\/privacy-policy\/"]}]},{"@type":"BreadcrumbList","@id":"https:\/\/www.zatecsa.com\/en\/privacy-policy\/#breadcrumb","itemListElement":[{"@type":"ListItem","position":1,"name":"Portada","item":"https:\/\/www.zatecsa.com\/en\/"},{"@type":"ListItem","position":2,"name":"Privacy policy"}]},{"@type":"WebSite","@id":"https:\/\/www.zatecsa.com\/#website","url":"https:\/\/www.zatecsa.com\/","name":"ZATEC | Technical engineering plastic injection molding company","description":"Zatec is your European partner, offering a comprehensive service of small Technical parts by high precision injection Molding.","potentialAction":[{"@type":"SearchAction","target":{"@type":"EntryPoint","urlTemplate":"https:\/\/www.zatecsa.com\/?s={search_term_string}"},"query-input":{"@type":"PropertyValueSpecification","valueRequired":true,"valueName":"search_term_string"}}],"inLanguage":"en-US"}]}},"_links":{"self":[{"href":"https:\/\/www.zatecsa.com\/en\/wp-json\/wp\/v2\/pages\/4451","targetHints":{"allow":["GET"]}}],"collection":[{"href":"https:\/\/www.zatecsa.com\/en\/wp-json\/wp\/v2\/pages"}],"about":[{"href":"https:\/\/www.zatecsa.com\/en\/wp-json\/wp\/v2\/types\/page"}],"author":[{"embeddable":true,"href":"https:\/\/www.zatecsa.com\/en\/wp-json\/wp\/v2\/users\/2"}],"replies":[{"embeddable":true,"href":"https:\/\/www.zatecsa.com\/en\/wp-json\/wp\/v2\/comments?post=4451"}],"version-history":[{"count":9,"href":"https:\/\/www.zatecsa.com\/en\/wp-json\/wp\/v2\/pages\/4451\/revisions"}],"predecessor-version":[{"id":4937,"href":"https:\/\/www.zatecsa.com\/en\/wp-json\/wp\/v2\/pages\/4451\/revisions\/4937"}],"wp:attachment":[{"href":"https:\/\/www.zatecsa.com\/en\/wp-json\/wp\/v2\/media?parent=4451"}],"curies":[{"name":"wp","href":"https:\/\/api.w.org\/{rel}","templated":true}]}}