{"id":4939,"date":"2023-05-24T09:57:30","date_gmt":"2023-05-24T07:57:30","guid":{"rendered":"https:\/\/www.zatecsa.com\/?page_id=4939"},"modified":"2023-05-24T09:57:56","modified_gmt":"2023-05-24T07:57:56","slug":"cookies-policy","status":"publish","type":"page","link":"https:\/\/www.zatecsa.com\/en\/cookies-policy\/","title":{"rendered":"Cookies policy"},"content":{"rendered":"\t\t<div data-elementor-type=\"wp-page\" data-elementor-id=\"4939\" class=\"elementor elementor-4939\" data-elementor-post-type=\"page\">\n\t\t\t\t\t\t<section class=\"elementor-section elementor-top-section elementor-element elementor-element-08e8edc elementor-section-boxed elementor-section-height-default elementor-section-height-default\" data-id=\"08e8edc\" data-element_type=\"section\" data-e-type=\"section\">\n\t\t\t\t\t\t<div class=\"elementor-container elementor-column-gap-default\">\n\t\t\t\t\t<div class=\"elementor-column elementor-col-100 elementor-top-column elementor-element elementor-element-751de7b\" data-id=\"751de7b\" data-element_type=\"column\" data-e-type=\"column\">\n\t\t\t<div class=\"elementor-widget-wrap elementor-element-populated\">\n\t\t\t\t\t\t<div class=\"elementor-element elementor-element-693eff1 elementor-widget elementor-widget-heading\" data-id=\"693eff1\" data-element_type=\"widget\" data-e-type=\"widget\" data-widget_type=\"heading.default\">\n\t\t\t\t<div class=\"elementor-widget-container\">\n\t\t\t\t\t<h2 class=\"elementor-heading-title elementor-size-default\">Cookies policy<\/h2>\t\t\t\t<\/div>\n\t\t\t\t<\/div>\n\t\t\t\t\t<\/div>\n\t\t<\/div>\n\t\t\t\t\t<\/div>\n\t\t<\/section>\n\t\t\t\t<section class=\"elementor-section elementor-top-section elementor-element elementor-element-073b15e elementor-section-content-middle elementor-section-boxed elementor-section-height-default elementor-section-height-default\" data-id=\"073b15e\" data-element_type=\"section\" data-e-type=\"section\">\n\t\t\t\t\t\t<div class=\"elementor-container elementor-column-gap-default\">\n\t\t\t\t\t<div class=\"elementor-column elementor-col-100 elementor-top-column elementor-element elementor-element-a77ae34\" data-id=\"a77ae34\" data-element_type=\"column\" data-e-type=\"column\">\n\t\t\t<div class=\"elementor-widget-wrap elementor-element-populated\">\n\t\t\t\t\t\t<div class=\"elementor-element elementor-element-a8e5e69 elementor-widget elementor-widget-text-editor\" data-id=\"a8e5e69\" data-element_type=\"widget\" data-e-type=\"widget\" data-widget_type=\"text-editor.default\">\n\t\t\t\t<div class=\"elementor-widget-container\">\n\t\t\t\t\t\t\t\t\t<p>Esta web utiliza cookies propias y de terceros, que recogen informaci\u00f3n estad\u00edstica sobre h\u00e1bitos de navegaci\u00f3n an\u00f3nimos para mejorar el servicio prestado por la entidad y pueden ser utilizadas por terceras partes para personalizar publicidad.<\/p><p>Las\u00a0<em>cookies<\/em>\u00a0son ficheros creados en el navegador del usuario que mediante el almacenamiento de datos permiten registrar su actividad en el Sitio Web y llevan a cabo distintas funcionalidades como el an\u00e1lisis estad\u00edstico, una gesti\u00f3n del tr\u00e1fico web eficiente, la compra a trav\u00e9s de la p\u00e1gina, etc\u00e9tera. Las cookies se instalan autom\u00e1ticamente en el ordenador del usuario, pero este puede administrarlas o bloquearlas totalmente mediante los enlaces que aportamos al final de la pol\u00edtica.<\/p><p>Finalidad de las Cookies utilizadas:<\/p><ul><li><em>Cookies <\/em>t\u00e9cnicas: Son aqu\u00e9llas que son estrictamente necesarias y que permiten al usuario la correcta navegaci\u00f3n a trav\u00e9s de una p\u00e1gina web, plataforma o aplicaci\u00f3n, que el contenido de la p\u00e1gina web se descarga correctamente y la utilizaci\u00f3n de las diferentes opciones o servicios que en ella existan, como acceder a una intranet, realizar un pedido, rellenar un formulario o emplear elementos de seguridad, permitiendo la navegaci\u00f3n por el sitio web.<\/li><li><em>Cookies <\/em>de personalizaci\u00f3n: Son aqu\u00e9llas que permiten al usuario acceder al servicio con algunas caracter\u00edsticas de car\u00e1cter general predefinidas en funci\u00f3n de una serie de criterios en el terminal del usuario configurando as\u00ed el sitio web de una manera determinada seg\u00fan las preferencias del usuario, como por ejemplo serian el idioma, el tipo de navegador a trav\u00e9s del cual accede al servicio, la configuraci\u00f3n regional desde donde accede al servicio,<\/li><li><em>Cookies <\/em>de an\u00e1lisis, anal\u00edticas o de estad\u00edstica de uso: Son aqu\u00e9llas que permiten al responsable de las mismas, mediante la recopilaci\u00f3n de datos de la actividad de los usuario, llevar el seguimiento y an\u00e1lisis del comportamiento de los usuarios de los sitios web a los que est\u00e1n vinculadas con finalidades estad\u00edsticas (como realizar estad\u00edsticas del n\u00famero de visitas, servicios\/productos demandados, etc.) que permiten m\u00e1s tarde mejorar la forma en que se ofrecen los servicios, mejorar el funcionamiento y servicio al usuario y elaborar perfiles de los usuarios. El seguimiento se hace de manera agregada y an\u00f3nima.<\/li><li><em>Cookies <\/em>publicitarias: Son aqu\u00e9llas que permiten el seguimiento del uso y la gesti\u00f3n, de la forma m\u00e1s eficaz posible, de los espacios publicitarios que, en su caso, el editor haya incluido en una p\u00e1gina web, aplicaci\u00f3n o plataforma desde la que presta el servicio solicitado en base a criterios como el contenido editado o la frecuencia en la que se muestran los<\/li><li><em>Cookies <\/em>de publicidad comportamental o cookies de publicidad dirigida online: Estas cookies recogen y almacenan informaci\u00f3n del comportamiento de los usuarios obtenida a trav\u00e9s de la observaci\u00f3n continuada de sus h\u00e1bitos de navegaci\u00f3n, lo que permite desarrollar un perfil espec\u00edfico para mostrar publicidad en funci\u00f3n del<\/li><\/ul><p>Relaci\u00f3n de cookies utilizadas en la p\u00e1gina web:<\/p><table width=\"436\"><tbody><tr><td width=\"83\">DOMINIO \/ RESPONSABLE<\/td><td width=\"89\">TIPO<\/td><td width=\"88\">NOMBRE<\/td><td width=\"99\">FINALIDAD<\/td><td width=\"76\">DURACI\u00d3N<\/td><\/tr><tr><td width=\"83\"><p>.gstatic.com<\/p><p>.google.com<\/p><p>\u00a0<\/p><\/td><td width=\"89\">Anal\u00edtica<\/td><td width=\"88\">1P_JAR<\/td><td width=\"99\">Recopilar estad\u00edsticas del sitio web y rastrear las tasas de conversi\u00f3n<\/td><td width=\"76\">1 semana<\/td><\/tr><tr><td width=\"83\"><p>.google.com<\/p><p>\u00a0<\/p><\/td><td width=\"89\">Publicitaria<\/td><td width=\"88\">ANID<\/td><td width=\"99\">Medir el rendimiento de los anuncios y proporcionar recomendaciones relativas a productos basadas en datos estad\u00edsticos<\/td><td width=\"76\">1 mes<\/td><\/tr><tr><td width=\"83\"><p>.gstatic.com<\/p><p>.google.com<\/p><p>.youtube.com<\/p><p>\u00a0<\/p><\/td><td width=\"89\">Anal\u00edtica<\/td><td width=\"88\">CONSENT<\/td><td width=\"99\">Ayuda a almacenar el estado de consentimiento de cookies del usuario en el \u00e1mbito de las Redes Sociales<\/td><td width=\"76\">20 a\u00f1os<\/td><\/tr><tr><td width=\"83\"><p>.google.com<\/p><p>\u00a0<\/p><\/td><td width=\"89\">Anal\u00edtica<\/td><td width=\"88\">NID<\/td><td width=\"99\"><p>Contiene un ID \u00fanico que Google utiliza para recordar tus preferencias y otra informaci\u00f3n.<\/p><p>Visualizaci\u00f3n de mapas mediante la aplicaci\u00f3n de Google Maps.<\/p><\/td><td width=\"76\">6 meses<\/td><\/tr><tr><td width=\"83\"><p>.google.com<\/p><p>\u00a0<\/p><\/td><td width=\"89\">Anal\u00edtica<\/td><td width=\"88\">UULE<\/td><td width=\"99\">\u00a0Cookie asociada al servicio de Google Maps. Permite la geolocalizaci\u00f3n de nuestra f\u00e1brica en la secci\u00f3n correspondiente de este sitio web.<\/td><td width=\"76\">24 horas<\/td><\/tr><tr><td width=\"83\"><p>.google.com<\/p><p>\u00a0<\/p><\/td><td width=\"89\">Anal\u00edtica<\/td><td width=\"88\">OGPC<\/td><td width=\"99\">Estas cookies son utilizadas por Google para almacenar las preferencias del usuario y la informaci\u00f3n durante la visualizaci\u00f3n de las p\u00e1ginas con los mapas de Google.<\/td><td width=\"76\">2 meses<\/td><\/tr><tr><td width=\"83\">.google.com<\/td><td width=\"89\">Anal\u00edtica<\/td><td width=\"88\">DV<\/td><td width=\"99\">Proveer servicios y extraer informaci\u00f3n an\u00f3nima sobre la navegaci\u00f3n.<\/td><td width=\"76\">24 horas<\/td><\/tr><tr><td width=\"83\">.doubleclick.net<\/td><td width=\"89\"><p>Publicitaria<\/p><p>Comportamental<\/p><\/td><td width=\"88\">_fbp<\/td><td width=\"99\">Cookies necesarias para la mejora y gesti\u00f3n de la exposici\u00f3n de anuncios publicitarios. Es utilizada por Facebook y permite mejorar y gestionar la exposici\u00f3n de anuncios publicitarios al usuario mientras navega, evitando que aparezcan anuncios que ya ha visto, as\u00ed como publicar anuncios relevantes para sus intereses.<\/td><td width=\"76\">1 d\u00eda<\/td><\/tr><tr><td width=\"83\">.doubleclick.net<\/td><td width=\"89\">Publicidad Comportamental<\/td><td width=\"88\">IDE<\/td><td width=\"99\">Registrar e informar sobre las acciones del usuario en el sitio web tras visualizar o hacer clic en uno de los anuncios del anunciante con el prop\u00f3sito de medir la eficacia de un anuncio y presentar anuncios espec\u00edficos para el usuario.<\/td><td width=\"76\">1 a\u00f1o<\/td><\/tr><tr><td width=\"83\">.youtube.com<\/td><td width=\"89\">Anal\u00edtica<\/td><td width=\"88\">GPS<\/td><td width=\"99\">Registra una identificaci\u00f3n \u00fanica en dispositivos m\u00f3viles para permitir el seguimiento seg\u00fan la ubicaci\u00f3n geogr\u00e1fica por GPS<\/td><td width=\"76\">30 minutos<\/td><\/tr><tr><td width=\"83\">.youtube.com<\/td><td width=\"89\">Personalizaci\u00f3n<\/td><td width=\"88\">PREF<\/td><td width=\"99\">Almacenar las preferencias de configuraci\u00f3n, tales como idioma preferido, n\u00famero de resultados de b\u00fasqueda mostrados por p\u00e1gina o activaci\u00f3n filtro SafeSearch de Google. Tiene permanencia.<\/td><td width=\"76\">2 a\u00f1os<\/td><\/tr><tr><td width=\"83\">.youtube.com<\/td><td width=\"89\">Anal\u00edtica<\/td><td width=\"88\">VISITOR_INFO1_LIVE<\/td><td width=\"99\">Realiza el seguimiento de los videos visitados que se encuentran incrustados en la web.<\/td><td width=\"76\">8 meses<\/td><\/tr><tr><td width=\"83\">.youtube.com<\/td><td width=\"89\">Anal\u00edtica<\/td><td width=\"88\">YSC<\/td><td width=\"99\">Medir las reproducciones de videos realizadas por el usuario y registra los eventos de \u201cMe gusta\u201d o \u201cCompartir video\u201d<\/td><td width=\"76\">Sesi\u00f3n<\/td><\/tr><tr><td width=\"83\">www.zatecsa.com<\/td><td width=\"89\">T\u00e9cnica<\/td><td width=\"88\">_icl_visitor_lang_js<\/td><td width=\"99\">Presentar la p\u00e1gina web en el idioma del usuario<\/td><td width=\"76\">24 horas<\/td><\/tr><tr><td width=\"83\">www.zatecsa.com<\/td><td width=\"89\">T\u00e9cnica<\/td><td width=\"88\">wpml_browser_redirect_test<\/td><td width=\"99\">Esta cookie est\u00e1 configurada por el complemento WPML de WordPress y se usa para probar si las cookies est\u00e1n habilitadas en el navegador.<\/td><td width=\"76\">Sesi\u00f3n<\/td><\/tr><\/tbody><\/table><p>\u00a0<\/p><p><u>Uso de las cookies de Google Analytics en sitios web<\/u><\/p><p>Informaci\u00f3n sobre el uso de cookies de Google Analytics <a href=\"https:\/\/developers.google.com\/analytics\/devguides\/collection\/analyticsjs\/cookie-usage?hl=es\">+Info<\/a><\/p><p>Para evitar que Google Analytics recopile y utilice sus datos, ponemos a su disposici\u00f3n la extensi\u00f3n de inhabilitaci\u00f3n para navegadores de Google Analytics en el siguiente enlace <a href=\"https:\/\/tools.google.com\/dlpage\/gaoptout\/index.html?hl=es\">+Info<\/a><\/p><p>Adem\u00e1s Google tiene su propia pol\u00edtica relativa al uso de cookies publicitarias <a href=\"http:\/\/www.google.es\/policies\/technologies\/ads\/\">+Info<\/a><\/p><p><u>Redes Sociales<\/u><\/p><p>La entidad puede administrar p\u00e1ginas en redes sociales para publicitarse y servir de punto de contacto con sus clientes. Estas p\u00e1ginas pueden instalar cookies a sus visitantes incluso aunque estos no se encuentren registrados en las mismas. Los tipos de Cookies que se instalan y sus finalidades est\u00e1n descritas en las oportunas p\u00e1ginas de Cookies de cada red social (Facebook, Twitter, Youtube, Instagram, etc\u00e9tera.).<\/p><p>Plug-Ins \u2013 Si se hace uso de los plug-ins sociales instalados en la p\u00e1gina web, la entidad comunicar\u00e1 los datos relevantes al responsable de la web social. Si se ha iniciado sesi\u00f3n en la red social, esta podr\u00e1 asociar la visita a con la cuenta de dicha red social. Los tratamientos y sus finalidades est\u00e1n descritos en las oportunas pol\u00edticas de privacidad de cada red social.<\/p><p><u>Desactivar Cookies en Navegadores<\/u><\/p><ul><li>Chrome <a href=\"http:\/\/support.google.com\/chrome\/bin\/answer.py?hl=es&amp;answer=95647\">+Info<\/a><\/li><li>Explorer <a href=\"https:\/\/support.microsoft.com\/es-es\/help\/17442\/windows-internet-explorer-delete-manage-cookies\">+Info<\/a><\/li><li>Firefox <a href=\"https:\/\/support.mozilla.org\/es\/kb\/Borrar%20cookies\">+Info<\/a><\/li><li>Safari <a href=\"https:\/\/support.apple.com\/es-es\/guide\/safari\/sfri11471\/mac\">+Info<\/a><\/li><li>Opera <a href=\"https:\/\/www.opera.com\/help\/tutorials\/security\/cookies\/\">+Info<\/a><\/li><\/ul><p>La desactivaci\u00f3n de Cookies puede provocar en la web una navegaci\u00f3n menos fluida y que algunos de nuestros servicios en la misma dejen de funcionar correctamente.<\/p><p>En <a href=\"http:\/\/www.allaboutcookies.org\/es\/\">www.allaboutcookies.org\/es\/<\/a> y <a href=\"http:\/\/www.youronlinechoices.com\/es\/\">http:\/\/www.youronlinechoices.com\/es\/<\/a> puede encontrar m\u00e1s informaci\u00f3n sobre las cookies y c\u00f3mo gestionarlas o eliminarlas.<\/p>\t\t\t\t\t\t\t\t<\/div>\n\t\t\t\t<\/div>\n\t\t\t\t\t<\/div>\n\t\t<\/div>\n\t\t\t\t\t<\/div>\n\t\t<\/section>\n\t\t\t\t<\/div>\n\t\t","protected":false},"excerpt":{"rendered":"<p>Cookies policy Esta web utiliza cookies propias y de terceros, que recogen informaci\u00f3n estad\u00edstica sobre h\u00e1bitos de navegaci\u00f3n an\u00f3nimos para mejorar el servicio prestado por la entidad y pueden ser utilizadas por terceras partes para personalizar publicidad. Las\u00a0cookies\u00a0son ficheros creados en el navegador del usuario que mediante el almacenamiento de datos permiten registrar su actividad [&hellip;]<\/p>\n","protected":false},"author":2,"featured_media":0,"parent":0,"menu_order":0,"comment_status":"closed","ping_status":"closed","template":"elementor_header_footer","meta":{"_monsterinsights_skip_tracking":false,"_monsterinsights_sitenote_active":false,"_monsterinsights_sitenote_note":"","_monsterinsights_sitenote_category":0,"footnotes":""},"class_list":["post-4939","page","type-page","status-publish","hentry"],"yoast_head":"<!-- This site is optimized with the Yoast SEO plugin v27.4 - https:\/\/yoast.com\/product\/yoast-seo-wordpress\/ -->\n<title>Cookies policy - ZATEC | Technical engineering plastic injection molding company<\/title>\n<meta name=\"robots\" content=\"index, follow, max-snippet:-1, max-image-preview:large, max-video-preview:-1\" \/>\n<link rel=\"canonical\" href=\"https:\/\/www.zatecsa.com\/en\/cookies-policy\/\" \/>\n<meta name=\"twitter:label1\" content=\"Est. reading time\" \/>\n\t<meta name=\"twitter:data1\" content=\"6 minutes\" \/>\n<script type=\"application\/ld+json\" class=\"yoast-schema-graph\">{\"@context\":\"https:\\\/\\\/schema.org\",\"@graph\":[{\"@type\":\"WebPage\",\"@id\":\"https:\\\/\\\/www.zatecsa.com\\\/en\\\/cookies-policy\\\/\",\"url\":\"https:\\\/\\\/www.zatecsa.com\\\/en\\\/cookies-policy\\\/\",\"name\":\"Cookies policy - ZATEC | Technical engineering plastic injection molding company\",\"isPartOf\":{\"@id\":\"https:\\\/\\\/www.zatecsa.com\\\/#website\"},\"datePublished\":\"2023-05-24T07:57:30+00:00\",\"dateModified\":\"2023-05-24T07:57:56+00:00\",\"breadcrumb\":{\"@id\":\"https:\\\/\\\/www.zatecsa.com\\\/en\\\/cookies-policy\\\/#breadcrumb\"},\"inLanguage\":\"en-US\",\"potentialAction\":[{\"@type\":\"ReadAction\",\"target\":[\"https:\\\/\\\/www.zatecsa.com\\\/en\\\/cookies-policy\\\/\"]}]},{\"@type\":\"BreadcrumbList\",\"@id\":\"https:\\\/\\\/www.zatecsa.com\\\/en\\\/cookies-policy\\\/#breadcrumb\",\"itemListElement\":[{\"@type\":\"ListItem\",\"position\":1,\"name\":\"Portada\",\"item\":\"https:\\\/\\\/www.zatecsa.com\\\/en\\\/\"},{\"@type\":\"ListItem\",\"position\":2,\"name\":\"Cookies policy\"}]},{\"@type\":\"WebSite\",\"@id\":\"https:\\\/\\\/www.zatecsa.com\\\/#website\",\"url\":\"https:\\\/\\\/www.zatecsa.com\\\/\",\"name\":\"ZATEC | Technical engineering plastic injection molding company\",\"description\":\"Zatec is your European partner, offering a comprehensive service of small Technical parts by high precision injection Molding.\",\"potentialAction\":[{\"@type\":\"SearchAction\",\"target\":{\"@type\":\"EntryPoint\",\"urlTemplate\":\"https:\\\/\\\/www.zatecsa.com\\\/?s={search_term_string}\"},\"query-input\":{\"@type\":\"PropertyValueSpecification\",\"valueRequired\":true,\"valueName\":\"search_term_string\"}}],\"inLanguage\":\"en-US\"}]}<\/script>\n<!-- \/ Yoast SEO plugin. -->","yoast_head_json":{"title":"Cookies policy - ZATEC | Technical engineering plastic injection molding company","robots":{"index":"index","follow":"follow","max-snippet":"max-snippet:-1","max-image-preview":"max-image-preview:large","max-video-preview":"max-video-preview:-1"},"canonical":"https:\/\/www.zatecsa.com\/en\/cookies-policy\/","twitter_misc":{"Est. reading time":"6 minutes"},"schema":{"@context":"https:\/\/schema.org","@graph":[{"@type":"WebPage","@id":"https:\/\/www.zatecsa.com\/en\/cookies-policy\/","url":"https:\/\/www.zatecsa.com\/en\/cookies-policy\/","name":"Cookies policy - ZATEC | Technical engineering plastic injection molding company","isPartOf":{"@id":"https:\/\/www.zatecsa.com\/#website"},"datePublished":"2023-05-24T07:57:30+00:00","dateModified":"2023-05-24T07:57:56+00:00","breadcrumb":{"@id":"https:\/\/www.zatecsa.com\/en\/cookies-policy\/#breadcrumb"},"inLanguage":"en-US","potentialAction":[{"@type":"ReadAction","target":["https:\/\/www.zatecsa.com\/en\/cookies-policy\/"]}]},{"@type":"BreadcrumbList","@id":"https:\/\/www.zatecsa.com\/en\/cookies-policy\/#breadcrumb","itemListElement":[{"@type":"ListItem","position":1,"name":"Portada","item":"https:\/\/www.zatecsa.com\/en\/"},{"@type":"ListItem","position":2,"name":"Cookies policy"}]},{"@type":"WebSite","@id":"https:\/\/www.zatecsa.com\/#website","url":"https:\/\/www.zatecsa.com\/","name":"ZATEC | Technical engineering plastic injection molding company","description":"Zatec is your European partner, offering a comprehensive service of small Technical parts by high precision injection Molding.","potentialAction":[{"@type":"SearchAction","target":{"@type":"EntryPoint","urlTemplate":"https:\/\/www.zatecsa.com\/?s={search_term_string}"},"query-input":{"@type":"PropertyValueSpecification","valueRequired":true,"valueName":"search_term_string"}}],"inLanguage":"en-US"}]}},"_links":{"self":[{"href":"https:\/\/www.zatecsa.com\/en\/wp-json\/wp\/v2\/pages\/4939","targetHints":{"allow":["GET"]}}],"collection":[{"href":"https:\/\/www.zatecsa.com\/en\/wp-json\/wp\/v2\/pages"}],"about":[{"href":"https:\/\/www.zatecsa.com\/en\/wp-json\/wp\/v2\/types\/page"}],"author":[{"embeddable":true,"href":"https:\/\/www.zatecsa.com\/en\/wp-json\/wp\/v2\/users\/2"}],"replies":[{"embeddable":true,"href":"https:\/\/www.zatecsa.com\/en\/wp-json\/wp\/v2\/comments?post=4939"}],"version-history":[{"count":4,"href":"https:\/\/www.zatecsa.com\/en\/wp-json\/wp\/v2\/pages\/4939\/revisions"}],"predecessor-version":[{"id":4943,"href":"https:\/\/www.zatecsa.com\/en\/wp-json\/wp\/v2\/pages\/4939\/revisions\/4943"}],"wp:attachment":[{"href":"https:\/\/www.zatecsa.com\/en\/wp-json\/wp\/v2\/media?parent=4939"}],"curies":[{"name":"wp","href":"https:\/\/api.w.org\/{rel}","templated":true}]}}